{"id":356,"date":"2020-11-25T13:56:12","date_gmt":"2020-11-25T13:56:12","guid":{"rendered":"https:\/\/terafilme.com\/?page_id=356"},"modified":"2021-01-04T17:38:53","modified_gmt":"2021-01-04T17:38:53","slug":"pagina-inicial","status":"publish","type":"page","link":"https:\/\/terafilme.com\/en\/","title":{"rendered":"P\u00e1gina inicial"},"content":{"rendered":"<p>A Ter\u00e1 filmes \u00e9 produtora independente situada em Salvador \u2013 Bahia que se interessa principalmente por narrativas negras contempor\u00e2neas e trabalha focada no desenvolvimento e produ\u00e7\u00e3o de projetos audiovisuais. Thamires Vieira, a frente da Ter\u00e1 Filmes \u00e9 realizadora audiovisual que atua a mais de oito anos no mercado, com experi\u00eancia em projetos de longa -metragem, curtas, s\u00e9ries e festivais de cinema.<\/p>","protected":false},"excerpt":{"rendered":"<p>A Ter\u00e1 filmes \u00e9 produtora independente situada em Salvador \u2013 Bahia que se interessa principalmente por narrativas negras contempor\u00e2neas e trabalha focada no desenvolvimento e produ\u00e7\u00e3o de projetos audiovisuais. Thamires Vieira, a frente da Ter\u00e1 Filmes \u00e9 realizadora audiovisual que atua a mais de oito anos no mercado, com experi\u00eancia em projetos de longa -metragem, [&hellip;]<\/p>","protected":false},"author":1,"featured_media":0,"parent":0,"menu_order":0,"comment_status":"closed","ping_status":"closed","template":"","meta":{"_uag_custom_page_level_css":"","footnotes":""},"class_list":["post-356","page","type-page","status-publish","hentry"],"uagb_featured_image_src":{"full":false,"thumbnail":false,"medium":false,"medium_large":false,"large":false,"1536x1536":false,"2048x2048":false,"trp-custom-language-flag":false},"uagb_author_info":{"display_name":"espinhodegeraes","author_link":"https:\/\/terafilme.com\/en\/author\/espinhodegeraes\/"},"uagb_comment_info":0,"uagb_excerpt":"A Ter\u00e1 filmes \u00e9 produtora independente situada em Salvador \u2013 Bahia que se interessa principalmente por narrativas negras contempor\u00e2neas e trabalha focada no desenvolvimento e produ\u00e7\u00e3o de projetos audiovisuais. Thamires Vieira, a frente da Ter\u00e1 Filmes \u00e9 realizadora audiovisual que atua a mais de oito anos no mercado, com experi\u00eancia em projetos de longa -metragem,&hellip;","_links":{"self":[{"href":"https:\/\/terafilme.com\/en\/wp-json\/wp\/v2\/pages\/356","targetHints":{"allow":["GET"]}}],"collection":[{"href":"https:\/\/terafilme.com\/en\/wp-json\/wp\/v2\/pages"}],"about":[{"href":"https:\/\/terafilme.com\/en\/wp-json\/wp\/v2\/types\/page"}],"author":[{"embeddable":true,"href":"https:\/\/terafilme.com\/en\/wp-json\/wp\/v2\/users\/1"}],"replies":[{"embeddable":true,"href":"https:\/\/terafilme.com\/en\/wp-json\/wp\/v2\/comments?post=356"}],"version-history":[{"count":24,"href":"https:\/\/terafilme.com\/en\/wp-json\/wp\/v2\/pages\/356\/revisions"}],"predecessor-version":[{"id":647,"href":"https:\/\/terafilme.com\/en\/wp-json\/wp\/v2\/pages\/356\/revisions\/647"}],"wp:attachment":[{"href":"https:\/\/terafilme.com\/en\/wp-json\/wp\/v2\/media?parent=356"}],"curies":[{"name":"wp","href":"https:\/\/api.w.org\/{rel}","templated":true}]}}